{"id":260,"date":"2020-04-13T10:30:55","date_gmt":"2020-04-13T08:30:55","guid":{"rendered":"http:\/\/www.renfordt-ahnen.de\/wordpress\/?page_id=260"},"modified":"2020-04-13T10:30:55","modified_gmt":"2020-04-13T08:30:55","slug":"galerie-wilhelm-renfordt","status":"publish","type":"page","link":"http:\/\/www.renfordt-ahnen.de\/wordpress\/galerie-wilhelm-renfordt\/","title":{"rendered":"Galerie Wilhelm Renfordt"},"content":{"rendered":"\n<figure class=\"wp-block-gallery columns-3 is-cropped wp-block-gallery-2 is-layout-flex wp-block-gallery-is-layout-flex\"><ul class=\"blocks-gallery-grid\"><li class=\"blocks-gallery-item\"><figure><img data-recalc-dims=\"1\" loading=\"lazy\" decoding=\"async\" width=\"405\" height=\"256\" data-attachment-id=\"265\" data-permalink=\"http:\/\/www.renfordt-ahnen.de\/wordpress\/galerie-wilhelm-renfordt\/plakat-duererbund-1920-1\/\" data-orig-file=\"https:\/\/i0.wp.com\/www.renfordt-ahnen.de\/wordpress\/wp-content\/uploads\/2020\/04\/Plakat-D%C3%BCrerbund-1920-1.jpg?fit=405%2C256\" data-orig-size=\"405,256\" data-comments-opened=\"1\" data-image-meta=\"{&quot;aperture&quot;:&quot;0&quot;,&quot;credit&quot;:&quot;Jochen Renfordt&quot;,&quot;camera&quot;:&quot;&quot;,&quot;caption&quot;:&quot;&quot;,&quot;created_timestamp&quot;:&quot;0&quot;,&quot;copyright&quot;:&quot;&quot;,&quot;focal_length&quot;:&quot;0&quot;,&quot;iso&quot;:&quot;0&quot;,&quot;shutter_speed&quot;:&quot;0&quot;,&quot;title&quot;:&quot;&quot;,&quot;orientation&quot;:&quot;0&quot;}\" data-image-title=\"Plakat-D\u00fcrerbund-1920-1\" data-image-description=\"\" data-image-caption=\"\" data-medium-file=\"https:\/\/i0.wp.com\/www.renfordt-ahnen.de\/wordpress\/wp-content\/uploads\/2020\/04\/Plakat-D%C3%BCrerbund-1920-1.jpg?fit=300%2C190\" data-large-file=\"https:\/\/i0.wp.com\/www.renfordt-ahnen.de\/wordpress\/wp-content\/uploads\/2020\/04\/Plakat-D%C3%BCrerbund-1920-1.jpg?fit=405%2C256\" src=\"https:\/\/i0.wp.com\/www.renfordt-ahnen.de\/wordpress\/wp-content\/uploads\/2020\/04\/Plakat-D%C3%BCrerbund-1920-1.jpg?resize=405%2C256\" alt=\"\" data-id=\"265\" data-full-url=\"https:\/\/i1.wp.com\/www.renfordt-ahnen.de\/wordpress\/wp-content\/uploads\/2020\/04\/Plakat-D\u00fcrerbund-1920-1.jpg?fit=405%2C256\" data-link=\"http:\/\/www.renfordt-ahnen.de\/wordpress\/?attachment_id=265\" class=\"wp-image-265\" srcset=\"https:\/\/i0.wp.com\/www.renfordt-ahnen.de\/wordpress\/wp-content\/uploads\/2020\/04\/Plakat-D%C3%BCrerbund-1920-1.jpg?w=405 405w, https:\/\/i0.wp.com\/www.renfordt-ahnen.de\/wordpress\/wp-content\/uploads\/2020\/04\/Plakat-D%C3%BCrerbund-1920-1.jpg?resize=300%2C190 300w\" sizes=\"auto, (max-width: 405px) 100vw, 405px\" \/><\/figure><\/li><li class=\"blocks-gallery-item\"><figure><img data-recalc-dims=\"1\" loading=\"lazy\" decoding=\"async\" width=\"525\" height=\"646\" data-attachment-id=\"266\" data-permalink=\"http:\/\/www.renfordt-ahnen.de\/wordpress\/galerie-wilhelm-renfordt\/portraet-eberhard-lampe-1924\/\" data-orig-file=\"https:\/\/i0.wp.com\/www.renfordt-ahnen.de\/wordpress\/wp-content\/uploads\/2020\/04\/Portr%C3%A4t-Eberhard-Lampe-1924.jpg?fit=710%2C873\" data-orig-size=\"710,873\" data-comments-opened=\"1\" data-image-meta=\"{&quot;aperture&quot;:&quot;0&quot;,&quot;credit&quot;:&quot;&quot;,&quot;camera&quot;:&quot;&quot;,&quot;caption&quot;:&quot;&quot;,&quot;created_timestamp&quot;:&quot;0&quot;,&quot;copyright&quot;:&quot;&quot;,&quot;focal_length&quot;:&quot;0&quot;,&quot;iso&quot;:&quot;0&quot;,&quot;shutter_speed&quot;:&quot;0&quot;,&quot;title&quot;:&quot;&quot;,&quot;orientation&quot;:&quot;0&quot;}\" data-image-title=\"Portr\u00e4t-Eberhard-Lampe-1924\" data-image-description=\"\" data-image-caption=\"\" data-medium-file=\"https:\/\/i0.wp.com\/www.renfordt-ahnen.de\/wordpress\/wp-content\/uploads\/2020\/04\/Portr%C3%A4t-Eberhard-Lampe-1924.jpg?fit=244%2C300\" data-large-file=\"https:\/\/i0.wp.com\/www.renfordt-ahnen.de\/wordpress\/wp-content\/uploads\/2020\/04\/Portr%C3%A4t-Eberhard-Lampe-1924.jpg?fit=525%2C646\" src=\"https:\/\/i0.wp.com\/www.renfordt-ahnen.de\/wordpress\/wp-content\/uploads\/2020\/04\/Portr%C3%A4t-Eberhard-Lampe-1924.jpg?resize=525%2C646\" alt=\"\" data-id=\"266\" data-full-url=\"https:\/\/i0.wp.com\/www.renfordt-ahnen.de\/wordpress\/wp-content\/uploads\/2020\/04\/Portr\u00e4t-Eberhard-Lampe-1924.jpg?fit=710%2C873\" data-link=\"http:\/\/www.renfordt-ahnen.de\/wordpress\/?attachment_id=266\" class=\"wp-image-266\" srcset=\"https:\/\/i0.wp.com\/www.renfordt-ahnen.de\/wordpress\/wp-content\/uploads\/2020\/04\/Portr%C3%A4t-Eberhard-Lampe-1924.jpg?w=710 710w, https:\/\/i0.wp.com\/www.renfordt-ahnen.de\/wordpress\/wp-content\/uploads\/2020\/04\/Portr%C3%A4t-Eberhard-Lampe-1924.jpg?resize=244%2C300 244w\" sizes=\"auto, (max-width: 525px) 100vw, 525px\" \/><\/figure><\/li><li class=\"blocks-gallery-item\"><figure><img data-recalc-dims=\"1\" loading=\"lazy\" decoding=\"async\" width=\"500\" height=\"667\" data-attachment-id=\"267\" data-permalink=\"http:\/\/www.renfordt-ahnen.de\/wordpress\/galerie-wilhelm-renfordt\/portraet-fritz-harling-ca-1935-40-1\/\" data-orig-file=\"https:\/\/i0.wp.com\/www.renfordt-ahnen.de\/wordpress\/wp-content\/uploads\/2020\/04\/Portr%C3%A4t-Fritz-Harling-ca.-1935-40-1.jpg?fit=500%2C667\" data-orig-size=\"500,667\" data-comments-opened=\"1\" data-image-meta=\"{&quot;aperture&quot;:&quot;0&quot;,&quot;credit&quot;:&quot;&quot;,&quot;camera&quot;:&quot;&quot;,&quot;caption&quot;:&quot;&quot;,&quot;created_timestamp&quot;:&quot;0&quot;,&quot;copyright&quot;:&quot;&quot;,&quot;focal_length&quot;:&quot;0&quot;,&quot;iso&quot;:&quot;0&quot;,&quot;shutter_speed&quot;:&quot;0&quot;,&quot;title&quot;:&quot;&quot;,&quot;orientation&quot;:&quot;0&quot;}\" data-image-title=\"Portr\u00e4t-Fritz-Harling-ca.-1935-40-1\" data-image-description=\"\" data-image-caption=\"\" data-medium-file=\"https:\/\/i0.wp.com\/www.renfordt-ahnen.de\/wordpress\/wp-content\/uploads\/2020\/04\/Portr%C3%A4t-Fritz-Harling-ca.-1935-40-1.jpg?fit=225%2C300\" data-large-file=\"https:\/\/i0.wp.com\/www.renfordt-ahnen.de\/wordpress\/wp-content\/uploads\/2020\/04\/Portr%C3%A4t-Fritz-Harling-ca.-1935-40-1.jpg?fit=500%2C667\" src=\"https:\/\/i0.wp.com\/www.renfordt-ahnen.de\/wordpress\/wp-content\/uploads\/2020\/04\/Portr%C3%A4t-Fritz-Harling-ca.-1935-40-1.jpg?resize=500%2C667\" alt=\"\" data-id=\"267\" data-full-url=\"https:\/\/i0.wp.com\/www.renfordt-ahnen.de\/wordpress\/wp-content\/uploads\/2020\/04\/Portr\u00e4t-Fritz-Harling-ca.-1935-40-1.jpg?fit=500%2C667\" data-link=\"http:\/\/www.renfordt-ahnen.de\/wordpress\/?attachment_id=267\" class=\"wp-image-267\" srcset=\"https:\/\/i0.wp.com\/www.renfordt-ahnen.de\/wordpress\/wp-content\/uploads\/2020\/04\/Portr%C3%A4t-Fritz-Harling-ca.-1935-40-1.jpg?w=500 500w, https:\/\/i0.wp.com\/www.renfordt-ahnen.de\/wordpress\/wp-content\/uploads\/2020\/04\/Portr%C3%A4t-Fritz-Harling-ca.-1935-40-1.jpg?resize=225%2C300 225w\" sizes=\"auto, (max-width: 500px) 100vw, 500px\" \/><\/figure><\/li><li class=\"blocks-gallery-item\"><figure><img data-recalc-dims=\"1\" loading=\"lazy\" decoding=\"async\" width=\"500\" height=\"479\" data-attachment-id=\"268\" data-permalink=\"http:\/\/www.renfordt-ahnen.de\/wordpress\/galerie-wilhelm-renfordt\/waldinneres-aquarell-und-bleistift-1-2\/\" data-orig-file=\"https:\/\/i0.wp.com\/www.renfordt-ahnen.de\/wordpress\/wp-content\/uploads\/2020\/04\/Waldinneres-Aquarell-und-Bleistift-1-2.jpg?fit=500%2C479\" data-orig-size=\"500,479\" data-comments-opened=\"1\" data-image-meta=\"{&quot;aperture&quot;:&quot;8&quot;,&quot;credit&quot;:&quot;&quot;,&quot;camera&quot;:&quot;Canon EOS 5D&quot;,&quot;caption&quot;:&quot;&quot;,&quot;created_timestamp&quot;:&quot;1270122183&quot;,&quot;copyright&quot;:&quot;&quot;,&quot;focal_length&quot;:&quot;100&quot;,&quot;iso&quot;:&quot;50&quot;,&quot;shutter_speed&quot;:&quot;0.008&quot;,&quot;title&quot;:&quot;&quot;,&quot;orientation&quot;:&quot;1&quot;}\" data-image-title=\"Waldinneres-Aquarell-und-Bleistift-1-2\" data-image-description=\"\" data-image-caption=\"\" data-medium-file=\"https:\/\/i0.wp.com\/www.renfordt-ahnen.de\/wordpress\/wp-content\/uploads\/2020\/04\/Waldinneres-Aquarell-und-Bleistift-1-2.jpg?fit=300%2C287\" data-large-file=\"https:\/\/i0.wp.com\/www.renfordt-ahnen.de\/wordpress\/wp-content\/uploads\/2020\/04\/Waldinneres-Aquarell-und-Bleistift-1-2.jpg?fit=500%2C479\" src=\"https:\/\/i0.wp.com\/www.renfordt-ahnen.de\/wordpress\/wp-content\/uploads\/2020\/04\/Waldinneres-Aquarell-und-Bleistift-1-2.jpg?resize=500%2C479\" alt=\"\" data-id=\"268\" data-full-url=\"https:\/\/i0.wp.com\/www.renfordt-ahnen.de\/wordpress\/wp-content\/uploads\/2020\/04\/Waldinneres-Aquarell-und-Bleistift-1-2.jpg?fit=500%2C479\" data-link=\"http:\/\/www.renfordt-ahnen.de\/wordpress\/?attachment_id=268\" class=\"wp-image-268\" srcset=\"https:\/\/i0.wp.com\/www.renfordt-ahnen.de\/wordpress\/wp-content\/uploads\/2020\/04\/Waldinneres-Aquarell-und-Bleistift-1-2.jpg?w=500 500w, https:\/\/i0.wp.com\/www.renfordt-ahnen.de\/wordpress\/wp-content\/uploads\/2020\/04\/Waldinneres-Aquarell-und-Bleistift-1-2.jpg?resize=300%2C287 300w\" sizes=\"auto, (max-width: 500px) 100vw, 500px\" \/><\/figure><\/li><li class=\"blocks-gallery-item\"><figure><img data-recalc-dims=\"1\" loading=\"lazy\" decoding=\"async\" width=\"237\" height=\"305\" data-attachment-id=\"269\" data-permalink=\"http:\/\/www.renfordt-ahnen.de\/wordpress\/galerie-wilhelm-renfordt\/weibl-halbakt-2\/\" data-orig-file=\"https:\/\/i0.wp.com\/www.renfordt-ahnen.de\/wordpress\/wp-content\/uploads\/2020\/04\/weibl-Halbakt.jpg?fit=237%2C305\" data-orig-size=\"237,305\" data-comments-opened=\"1\" data-image-meta=\"{&quot;aperture&quot;:&quot;0&quot;,&quot;credit&quot;:&quot;Jochen Renfordt&quot;,&quot;camera&quot;:&quot;&quot;,&quot;caption&quot;:&quot;&quot;,&quot;created_timestamp&quot;:&quot;1487007104&quot;,&quot;copyright&quot;:&quot;&quot;,&quot;focal_length&quot;:&quot;0&quot;,&quot;iso&quot;:&quot;0&quot;,&quot;shutter_speed&quot;:&quot;0&quot;,&quot;title&quot;:&quot;&quot;,&quot;orientation&quot;:&quot;0&quot;}\" data-image-title=\"weibl-Halbakt\" data-image-description=\"\" data-image-caption=\"\" data-medium-file=\"https:\/\/i0.wp.com\/www.renfordt-ahnen.de\/wordpress\/wp-content\/uploads\/2020\/04\/weibl-Halbakt.jpg?fit=233%2C300\" data-large-file=\"https:\/\/i0.wp.com\/www.renfordt-ahnen.de\/wordpress\/wp-content\/uploads\/2020\/04\/weibl-Halbakt.jpg?fit=237%2C305\" src=\"https:\/\/i0.wp.com\/www.renfordt-ahnen.de\/wordpress\/wp-content\/uploads\/2020\/04\/weibl-Halbakt.jpg?resize=237%2C305\" alt=\"\" data-id=\"269\" data-full-url=\"https:\/\/i1.wp.com\/www.renfordt-ahnen.de\/wordpress\/wp-content\/uploads\/2020\/04\/weibl-Halbakt.jpg?fit=237%2C305\" data-link=\"http:\/\/www.renfordt-ahnen.de\/wordpress\/?attachment_id=269\" class=\"wp-image-269\" srcset=\"https:\/\/i0.wp.com\/www.renfordt-ahnen.de\/wordpress\/wp-content\/uploads\/2020\/04\/weibl-Halbakt.jpg?w=237 237w, https:\/\/i0.wp.com\/www.renfordt-ahnen.de\/wordpress\/wp-content\/uploads\/2020\/04\/weibl-Halbakt.jpg?resize=233%2C300 233w\" sizes=\"auto, (max-width: 237px) 100vw, 237px\" \/><\/figure><\/li><\/ul><\/figure>\n\n\n\n<p>Das sind einige Bilder Wilhelm Renfordts, die ich zum Teil im Internet gefunden, zum Teil kaufen konnte. Wenn Sie Abbildungen weitere Bilder dieses Malers haben (au\u00dferhalb der Mappen Bad Pyrmont und M\u00fcnster, sowie der Zeichnungen f\u00fcr die Borsigwerke) freue ich mich sehr \u00fcber Zusendungen!<\/p>\n","protected":false},"excerpt":{"rendered":"<p>Das sind einige Bilder Wilhelm Renfordts, die ich zum Teil im Internet gefunden, zum Teil kaufen konnte. Wenn Sie Abbildungen weitere Bilder dieses Malers haben (au\u00dferhalb der Mappen Bad Pyrmont und M\u00fcnster, sowie der Zeichnungen f\u00fcr die Borsigwerke) freue ich mich sehr \u00fcber Zusendungen!<\/p>\n","protected":false},"author":1,"featured_media":0,"parent":0,"menu_order":0,"comment_status":"closed","ping_status":"closed","template":"","meta":{"jetpack_post_was_ever_published":false,"footnotes":""},"class_list":["post-260","page","type-page","status-publish","hentry"],"jetpack_sharing_enabled":true,"jetpack_shortlink":"https:\/\/wp.me\/P8qp12-4c","jetpack-related-posts":[],"_links":{"self":[{"href":"http:\/\/www.renfordt-ahnen.de\/wordpress\/wp-json\/wp\/v2\/pages\/260","targetHints":{"allow":["GET"]}}],"collection":[{"href":"http:\/\/www.renfordt-ahnen.de\/wordpress\/wp-json\/wp\/v2\/pages"}],"about":[{"href":"http:\/\/www.renfordt-ahnen.de\/wordpress\/wp-json\/wp\/v2\/types\/page"}],"author":[{"embeddable":true,"href":"http:\/\/www.renfordt-ahnen.de\/wordpress\/wp-json\/wp\/v2\/users\/1"}],"replies":[{"embeddable":true,"href":"http:\/\/www.renfordt-ahnen.de\/wordpress\/wp-json\/wp\/v2\/comments?post=260"}],"version-history":[{"count":2,"href":"http:\/\/www.renfordt-ahnen.de\/wordpress\/wp-json\/wp\/v2\/pages\/260\/revisions"}],"predecessor-version":[{"id":270,"href":"http:\/\/www.renfordt-ahnen.de\/wordpress\/wp-json\/wp\/v2\/pages\/260\/revisions\/270"}],"wp:attachment":[{"href":"http:\/\/www.renfordt-ahnen.de\/wordpress\/wp-json\/wp\/v2\/media?parent=260"}],"curies":[{"name":"wp","href":"https:\/\/api.w.org\/{rel}","templated":true}]}}