{"id":32,"date":"2017-02-13T12:16:01","date_gmt":"2017-02-13T11:16:01","guid":{"rendered":"http:\/\/www.renfordt-ahnen.de\/wordpress\/?page_id=32"},"modified":"2017-02-13T12:16:01","modified_gmt":"2017-02-13T11:16:01","slug":"impressum","status":"publish","type":"page","link":"http:\/\/www.renfordt-ahnen.de\/wordpress\/impressum\/","title":{"rendered":"Impressum"},"content":{"rendered":"<p><strong>Anschrift:<\/strong><\/p>\n<p>Jochen Renfordt, Schwerter Stra\u00dfe 25, 58642 Iserlohn, Telefon: +49 (0)2374 \/ 9369-0 Telefax: +49 (0)2374 \/ 9369-20 E-Mail: jochen@renfordt.<br \/>\n<strong>Inhaltlich Verantwortlicher gem\u00e4\u00df \u00a7 55 Abs. 2 RStV:<\/strong> Jochen Renfordt (Anschrift wie oben)<br \/>\n<strong>Quellenangaben f\u00fcr die verwendeten Bilder und Grafiken:<\/strong> \u00a9 Jochen Renfordt <strong>Haftungsausschluss:<\/strong> <strong>Haftung f\u00fcr Inhalte<\/strong> Die Inhalte unserer Seiten wurden mit gr\u00f6\u00dfter Sorgfalt erstellt. F\u00fcr die Richtigkeit, Vollst\u00e4ndigkeit und Aktualit\u00e4t der Inhalte k\u00f6nnen wir jedoch keine Gew\u00e4hr \u00fcbernehmen. Als Diensteanbieter sind wir gem\u00e4\u00df \u00a7 7 Abs.1 TMG f\u00fcr eigene Inhalte auf diesen Seiten nach den allgemeinen Gesetzen verantwortlich. Nach \u00a7\u00a7 8 bis 10 TMG sind wir als Diensteanbieter jedoch nicht verpflichtet, \u00fcbermittelte oder gespeicherte fremde Informationen zu \u00fcberwachen oder nach Umst\u00e4nden zu forschen, die auf eine rechtswidrige T\u00e4tigkeit hinweisen. Verpflichtungen zur Entfernung oder Sperrung der Nutzung von Informationen nach den allgemeinen Gesetzen bleiben hiervon unber\u00fchrt. Eine diesbez\u00fcgliche Haftung ist jedoch erst ab dem Zeitpunkt der Kenntnis einer konkreten Rechtsverletzung m\u00f6glich. Bei Bekanntwerden von entsprechenden Rechtsverletzungen werden wir diese Inhalte umgehend entfernen.<br \/>\n<strong>Haftung f\u00fcr Links<\/strong> Unser Angebot enth\u00e4lt Links zu externen Webseiten Dritter, auf deren Inhalte wir keinen Einfluss haben. Deshalb k\u00f6nnen wir f\u00fcr diese fremden Inhalte auch keine Gew\u00e4hr \u00fcbernehmen. F\u00fcr die Inhalte der verlinkten Seiten ist stets der jeweilige Anbieter oder Betreiber der Seiten verantwortlich. Die verlinkten Seiten wurden zum Zeitpunkt der Verlinkung auf m\u00f6gliche Rechtsverst\u00f6\u00dfe \u00fcberpr\u00fcft. Rechtswidrige Inhalte waren zum Zeitpunkt der Verlinkung nicht erkennbar. Eine permanente inhaltliche Kontrolle der verlinkten Seiten ist jedoch ohne konkrete Anhaltspunkte einer Rechtsverletzung nicht zumutbar. Bei Bekanntwerden von Rechtsverletzungen werden wir derartige Links umgehend entfernen.<br \/>\n<strong>Urheberrecht<\/strong> Die durch die Seitenbetreiber erstellten Inhalte und Werke auf diesen Seiten unterliegen dem deutschen Urheberrecht. Die Vervielf\u00e4ltigung, Bearbeitung, Verbreitung und jede Art der Verwertung au\u00dferhalb der Grenzen des Urheberrechtes bed\u00fcrfen der schriftlichen Zustimmung des jeweiligen Autors bzw. Erstellers. Downloads und Kopien dieser Seite sind nur f\u00fcr den privaten, nicht kommerziellen Gebrauch gestattet. Soweit die Inhalte auf dieser Seite nicht vom Betreiber erstellt wurden, werden die Urheberrechte Dritter beachtet. Insbesondere werden Inhalte Dritter als solche gekennzeichnet. Sollten Sie trotzdem auf eine Urheberrechtsverletzung aufmerksam werden, bitten wir um einen entsprechenden Hinweis. Bei Bekanntwerden von Rechtsverletzungen werden wir derartige Inhalte umgehend entfernen.<br \/>\n<strong>Datenschutz<\/strong> Die Nutzung unserer Webseite ist in der Regel ohne Angabe personenbezogener Daten m\u00f6glich. Soweit auf unseren Seiten personenbezogene Daten (beispielsweise Name, Anschrift oder eMail-Adressen) erhoben werden, erfolgt dies, soweit m\u00f6glich, stets auf freiwilliger Basis. Diese Daten werden ohne Ihre ausdr\u00fcckliche Zustimmung nicht an Dritte weitergegeben. Wir weisen darauf hin, dass die Daten\u00fcbertragung im Internet (z.B. bei der Kommunikation per E-Mail) Sicherheitsl\u00fccken aufweisen kann. Ein l\u00fcckenloser Schutz der Daten vor dem Zugriff durch Dritte ist nicht m\u00f6glich. Der Nutzung von im Rahmen der Impressumspflicht ver\u00f6ffentlichten Kontaktdaten durch Dritte zur \u00dcbersendung von nicht ausdr\u00fccklich angeforderter Werbung und Informationsmaterialien wird hiermit ausdr\u00fccklich widersprochen. Die Betreiber der Seiten behalten sich ausdr\u00fccklich rechtliche Schritte im Falle der unverlangten Zusendung von Werbeinformationen, etwa durch Spam-Mails, vor. Datenschutzerkl\u00e4rung f\u00fcr die Nutzung von Google Analytics Diese Website benutzt Google Analytics, einen Webanalysedienst der Google Inc. (\u201cGoogle\u201d). Google Analytics verwendet sog. \u201cCookies\u201d, Textdateien, die auf Ihrem Computer gespeichert werden und die eine Analyse der Benutzung der Website durch Sie erm\u00f6glicht. Die durch den Cookie erzeugten Informationen \u00fcber Ihre Benutzung dieser Website (einschlie\u00dflich Ihrer IP-Adresse) wird an einen Server von Google in den USA \u00fcbertragen und dort gespeichert. Google wird diese Informationen benutzen, um Ihre Nutzung der Website auszuwerten, um Reports \u00fcber die Websiteaktivit\u00e4ten f\u00fcr die Websitebetreiber zusammenzustellen und um weitere mit der Websitenutzung und der Internetnutzung verbundene Dienstleistungen zu erbringen. Auch wird Google diese Informationen gegebenenfalls an Dritte \u00fcbertragen, sofern dies gesetzlich vorgeschrieben ist oder soweit Dritte diese Daten im Auftrag von Google verarbeiten. Google wird in keinem Fall Ihre IP-Adresse mit anderen Daten der Google Inc. in Verbindung bringen. Sie k\u00f6nnen die Installation der Cookies durch eine entsprechende Einstellung Ihrer Browser Software verhindern; wir weisen Sie jedoch darauf hin, dass Sie in diesem Fall gegebenenfalls nicht s\u00e4mtliche Funktionen dieser Website voll umf\u00e4nglich nutzen k\u00f6nnen. Durch die Nutzung dieser Website erkl\u00e4ren Sie sich mit der Bearbeitung der \u00fcber Sie erhobenen Daten durch Google in der zuvor beschriebenen Art und Weise und zu dem zuvor benannten Zweck einverstanden.<br \/>\n<strong>Datenschutz sonstige Plug-Ins<\/strong> Auf unseren Internetseiten sind Plug-Ins (kleine Programme) gesetzt, z.B. des sozialen Netzwerks Facebook. Diese verweisen auf Sociale Netzwerke. Diese Plug-Ins werden vom Anbieter des Netzwerks (z.B. Facebook, Twitter, Xing, Google+,etc.) betrieben. Die Einbindung der Plug-Ins in die Anzeige unserer Internetseiten erfolgt dabei dadurch, dass Ihr Browser auf Informationen zugreift, die sich auf Servern des Netzwerks (z.B. Facebook) befinden. Auf diesem Weg erh\u00e4lt das Netzwerk (z.B. Facebook) die Information, dass jemand unsere Internetseiten besucht. Dar\u00fcber hinaus ist es dem Netzwerk (z.B. Facebook) m\u00f6glich, den Aufruf unserer Internetseiten Ihrer IP-Adresse und ggf. Ihrem Netzwerk-Benutzerkonto zuzuordnen, und diese oder weitere Informationen (z.B. Verfassen eines Kommentars) zu speichern. Eine \u00dcbermittlung von Informationen wird dabei beg\u00fcnstigt, wenn Sie w\u00e4hrend des Surfens auf unseren Internetseiten in Ihrem Netzwerk-Benutzerkonto angemeldet sind. Im \u00dcbrigen wird f\u00fcr Mitglieder des Netzwerks auf die dort geltenden Datenschutzbestimmungen verwiesen. Wir selbst speichern keine personenbezogenen Daten. <strong>Keine Abmahnung ohne vorherigen Kontakt!<\/strong> Sollte irgendwelcher Inhalt dieser Seiten oder die designtechnische Gestaltung einzelner Seiten oder Teile dieser Internetseite fremde Rechte Dritter oder gesetzliche Bestimmungen verletzen oder anderweitig in irgendeiner Form wettbewerbsrechtliche Probleme hervorbringen, so bitten wir unter Berufung auf \u00a7 8 Abs. 4 UWG, um eine angemessene, ausreichend erl\u00e4uternde und schnelle Nachricht ohne Kostennote. Wir garantieren, dass die zu Recht beanstandeten Passagen oder Teile dieser Webseiten in angemessener Frist entfernt bzw. den rechtlichen Vorgaben umf\u00e4nglich angepasst werden, ohne dass von Ihrer Seite die Einschaltung eines Rechtsbeistandes erforderlich ist. Die Einschaltung eines Anwalts zur kostenpflichtigen Abmahnung des Dienstanbieters w\u00fcrde somit einen Versto\u00df gegen \u00a7 13 Abs. 5 UWG wegen der Verfolgung sachfremder Ziele als beherrschendes Motiv der Verfahrenseinleitung, insbesondere einer Kostenerzielungsabsicht als eigentliche Triebfeder, sowie einen Versto\u00df gegen die Schadens- minderungspflicht darstellen. Irrt\u00fcmer und \u00c4nderungen vorbehalten. Das Impressum haben wir mit gr\u00f6\u00dfter Sorgfalt erstellt.<br \/>\nQuellenangaben: eRecht24 Disclaimer, Datenschutzerkl\u00e4rung f\u00fcr Google Analytics Rechtsanwalt S\u00f6ren Siebert, Impressum Generator<\/p>\n","protected":false},"excerpt":{"rendered":"<p>Anschrift: Jochen Renfordt, Schwerter Stra\u00dfe 25, 58642 Iserlohn, Telefon: +49 (0)2374 \/ 9369-0 Telefax: +49 (0)2374 \/ 9369-20 E-Mail: jochen@renfordt. Inhaltlich Verantwortlicher gem\u00e4\u00df \u00a7 55 Abs. 2 RStV: Jochen Renfordt (Anschrift wie oben) Quellenangaben f\u00fcr die verwendeten Bilder und Grafiken: \u00a9 Jochen Renfordt Haftungsausschluss: Haftung f\u00fcr Inhalte Die Inhalte unserer Seiten wurden mit gr\u00f6\u00dfter Sorgfalt &hellip; <\/p>\n<p class=\"link-more\"><a href=\"http:\/\/www.renfordt-ahnen.de\/wordpress\/impressum\/\" class=\"more-link\"><span class=\"screen-reader-text\">\u201eImpressum\u201c<\/span> weiterlesen<\/a><\/p>\n","protected":false},"author":1,"featured_media":0,"parent":0,"menu_order":0,"comment_status":"closed","ping_status":"closed","template":"","meta":{"jetpack_post_was_ever_published":false,"footnotes":""},"class_list":["post-32","page","type-page","status-publish","hentry"],"jetpack_sharing_enabled":true,"jetpack_shortlink":"https:\/\/wp.me\/P8qp12-w","jetpack-related-posts":[],"_links":{"self":[{"href":"http:\/\/www.renfordt-ahnen.de\/wordpress\/wp-json\/wp\/v2\/pages\/32","targetHints":{"allow":["GET"]}}],"collection":[{"href":"http:\/\/www.renfordt-ahnen.de\/wordpress\/wp-json\/wp\/v2\/pages"}],"about":[{"href":"http:\/\/www.renfordt-ahnen.de\/wordpress\/wp-json\/wp\/v2\/types\/page"}],"author":[{"embeddable":true,"href":"http:\/\/www.renfordt-ahnen.de\/wordpress\/wp-json\/wp\/v2\/users\/1"}],"replies":[{"embeddable":true,"href":"http:\/\/www.renfordt-ahnen.de\/wordpress\/wp-json\/wp\/v2\/comments?post=32"}],"version-history":[{"count":1,"href":"http:\/\/www.renfordt-ahnen.de\/wordpress\/wp-json\/wp\/v2\/pages\/32\/revisions"}],"predecessor-version":[{"id":33,"href":"http:\/\/www.renfordt-ahnen.de\/wordpress\/wp-json\/wp\/v2\/pages\/32\/revisions\/33"}],"wp:attachment":[{"href":"http:\/\/www.renfordt-ahnen.de\/wordpress\/wp-json\/wp\/v2\/media?parent=32"}],"curies":[{"name":"wp","href":"https:\/\/api.w.org\/{rel}","templated":true}]}}