{"id":44,"date":"2017-02-13T17:20:02","date_gmt":"2017-02-13T16:20:02","guid":{"rendered":"http:\/\/www.renfordt-ahnen.de\/wordpress\/?page_id=44"},"modified":"2017-02-13T17:20:02","modified_gmt":"2017-02-13T16:20:02","slug":"stammbaeume","status":"publish","type":"page","link":"http:\/\/www.renfordt-ahnen.de\/wordpress\/stammbaeume\/","title":{"rendered":"Stammb\u00e4ume"},"content":{"rendered":"<p><em>Unter dieser Seite werde ich diverse Haupt-Stammb\u00e4ume der Renfordt St\u00e4mme ver\u00f6ffentlichen, die ich noch nicht zusammenf\u00fchren konnte. Soweit es sich um lebende Personen handelt muss man mit dem Datenschutz sensibel umgehen, da nicht jeder seine Daten im Netz zu sehen w\u00fcnscht. F\u00fcr die Zukunft werde ich einen passwortgesch\u00fctzten Bereich schaffen. <\/em><\/p>\n<p><em><strong>Wer bereits jetzt wissen m\u00f6chte, in welchem Stammbaum er vorkommt, schreibt mir bitte eine E-Mail an<\/strong> <\/em><strong><em>jochen@renfordt. de<\/em><\/strong><strong><em>, ich sende ihm dann direkt einen Stammbaum und eine Ahnentafel als .pdf zu.<\/em><\/strong><\/p>\n<p><em>Zur Zeit gibt es folgende Hauptstammb\u00e4ume, in denen immer nur die Namenstr\u00e4ger fortgeschrieben werden: <\/em><\/p>\n<p><em><strong>Herrmann Henrich Nieden-Renforth<\/strong> geb. um 1754<br \/>\n9 Generationen<br \/>\n241 Personen<\/em><\/p>\n<p><em><br \/>\n&#8222;Mein&#8220; Stammbaum \u00a0\u00a0<strong>Herrmann Renforth<\/strong> <\/em><\/p>\n<p><em>\u00c4ltestes Datum ist die Taufe seines Sohnes Johannes Dietrich Nieden Renforth am 24.09.1730 in Rennerde 10 Generationen 67 Personen <\/em><\/p>\n<p><em>Die meisten Personen befinden sich in Hohenlimburg und Iserlohn\u00a0 <\/em><\/p>\n<p><em>\u00a0<\/em><strong><em>Johann Thomas Renforth geb.1750<\/em><\/strong><\/p>\n<p><em>9 Generationen<br \/>\n105 Personen<br \/>\nVerzweigt bis Oldenburg und Wanne-Eickel <\/em><\/p>\n","protected":false},"excerpt":{"rendered":"<p>Unter dieser Seite werde ich diverse Haupt-Stammb\u00e4ume der Renfordt St\u00e4mme ver\u00f6ffentlichen, die ich noch nicht zusammenf\u00fchren konnte. Soweit es sich um lebende Personen handelt muss man mit dem Datenschutz sensibel umgehen, da nicht jeder seine Daten im Netz zu sehen w\u00fcnscht. F\u00fcr die Zukunft werde ich einen passwortgesch\u00fctzten Bereich schaffen. Wer bereits jetzt wissen m\u00f6chte, &hellip; <\/p>\n<p class=\"link-more\"><a href=\"http:\/\/www.renfordt-ahnen.de\/wordpress\/stammbaeume\/\" class=\"more-link\"><span class=\"screen-reader-text\">\u201eStammb\u00e4ume\u201c<\/span> weiterlesen<\/a><\/p>\n","protected":false},"author":1,"featured_media":0,"parent":0,"menu_order":0,"comment_status":"closed","ping_status":"closed","template":"","meta":{"jetpack_post_was_ever_published":false,"footnotes":""},"class_list":["post-44","page","type-page","status-publish","hentry"],"jetpack_sharing_enabled":true,"jetpack_shortlink":"https:\/\/wp.me\/P8qp12-I","jetpack-related-posts":[],"_links":{"self":[{"href":"http:\/\/www.renfordt-ahnen.de\/wordpress\/wp-json\/wp\/v2\/pages\/44","targetHints":{"allow":["GET"]}}],"collection":[{"href":"http:\/\/www.renfordt-ahnen.de\/wordpress\/wp-json\/wp\/v2\/pages"}],"about":[{"href":"http:\/\/www.renfordt-ahnen.de\/wordpress\/wp-json\/wp\/v2\/types\/page"}],"author":[{"embeddable":true,"href":"http:\/\/www.renfordt-ahnen.de\/wordpress\/wp-json\/wp\/v2\/users\/1"}],"replies":[{"embeddable":true,"href":"http:\/\/www.renfordt-ahnen.de\/wordpress\/wp-json\/wp\/v2\/comments?post=44"}],"version-history":[{"count":2,"href":"http:\/\/www.renfordt-ahnen.de\/wordpress\/wp-json\/wp\/v2\/pages\/44\/revisions"}],"predecessor-version":[{"id":274,"href":"http:\/\/www.renfordt-ahnen.de\/wordpress\/wp-json\/wp\/v2\/pages\/44\/revisions\/274"}],"wp:attachment":[{"href":"http:\/\/www.renfordt-ahnen.de\/wordpress\/wp-json\/wp\/v2\/media?parent=44"}],"curies":[{"name":"wp","href":"https:\/\/api.w.org\/{rel}","templated":true}]}}