{"id":7,"date":"2017-02-13T12:12:27","date_gmt":"2017-02-13T11:12:27","guid":{"rendered":"http:\/\/www.renfordt-ahnen.de\/wordpress\/?page_id=7"},"modified":"2017-02-13T12:15:30","modified_gmt":"2017-02-13T11:15:30","slug":"startseite","status":"publish","type":"page","link":"http:\/\/www.renfordt-ahnen.de\/wordpress\/","title":{"rendered":"Ahnenforschung der Familien Renfordt"},"content":{"rendered":"<p class=\"widget-title\" style=\"margin: 0cm 0cm 21.0pt 0cm;\"><span style=\"font-family: 'Georgia','serif'; color: #1a1a1a;\">Auf dieser Website stelle ich einige Ergebnisse der Ahnenforschung im Bereich der Familie Renfordt und in \u00e4hnlichen -meist \u00e4lteren Schreibweisen &#8211; vor.<\/span><\/p>\n<p style=\"margin: 0cm 0cm 21.0pt 0cm;\"><span style=\"font-family: 'Georgia','serif'; color: #1a1a1a;\">Ich bin -wie immer bei der Ahnenforschung &#8211; gef\u00fchlt noch sehr am Anfang.<\/span><\/p>\n<p style=\"margin: 0cm 0cm 21.0pt 0cm;\"><span style=\"font-family: 'Georgia','serif'; color: #1a1a1a;\">Neben den reinen Stammb\u00e4umen haben sich jede Menge interessante Detail und Personen &#8222;angesammelt&#8220;, \u00fcber die ich auf dieser Seite berichte.<\/span><\/p>\n<p style=\"margin: 0cm 0cm 21.0pt 0cm;\"><span style=\"font-family: 'Georgia','serif'; color: #1a1a1a;\">Wenn Sie etwas beizutragen haben, selber im Bereich Renfordt forschen, Renfordts in Ihrer Verwandschaft haben, oder einfach nur interessiert sind, freue ich mich sehr \u00fcber jede Kontaktaufnahme!<\/span><\/p>\n<p style=\"margin: 0cm 0cm 21.0pt 0cm;\"><span style=\"font-family: 'Georgia','serif'; color: #1a1a1a;\">Am einfachsten per Email, ich freue mich aber ebenso \u00fcber ganz altmodische Post.<\/span><\/p>\n<p style=\"margin: 0cm 0cm 21.0pt 0cm;\"><span style=\"font-family: 'Georgia','serif'; color: #1a1a1a;\">Jochen Renfordt 2017<\/span><\/p>\n","protected":false},"excerpt":{"rendered":"<p>Auf dieser Website stelle ich einige Ergebnisse der Ahnenforschung im Bereich der Familie Renfordt und in \u00e4hnlichen -meist \u00e4lteren Schreibweisen &#8211; vor. Ich bin -wie immer bei der Ahnenforschung &#8211; gef\u00fchlt noch sehr am Anfang. Neben den reinen Stammb\u00e4umen haben sich jede Menge interessante Detail und Personen &#8222;angesammelt&#8220;, \u00fcber die ich auf dieser Seite berichte. &hellip; <\/p>\n<p class=\"link-more\"><a href=\"http:\/\/www.renfordt-ahnen.de\/wordpress\/\" class=\"more-link\"><span class=\"screen-reader-text\">\u201eAhnenforschung der Familien Renfordt\u201c<\/span> weiterlesen<\/a><\/p>\n","protected":false},"author":1,"featured_media":0,"parent":0,"menu_order":0,"comment_status":"closed","ping_status":"closed","template":"","meta":{"jetpack_post_was_ever_published":false,"footnotes":""},"class_list":["post-7","page","type-page","status-publish","hentry"],"jetpack_sharing_enabled":true,"jetpack_shortlink":"https:\/\/wp.me\/P8qp12-7","jetpack-related-posts":[],"_links":{"self":[{"href":"http:\/\/www.renfordt-ahnen.de\/wordpress\/wp-json\/wp\/v2\/pages\/7","targetHints":{"allow":["GET"]}}],"collection":[{"href":"http:\/\/www.renfordt-ahnen.de\/wordpress\/wp-json\/wp\/v2\/pages"}],"about":[{"href":"http:\/\/www.renfordt-ahnen.de\/wordpress\/wp-json\/wp\/v2\/types\/page"}],"author":[{"embeddable":true,"href":"http:\/\/www.renfordt-ahnen.de\/wordpress\/wp-json\/wp\/v2\/users\/1"}],"replies":[{"embeddable":true,"href":"http:\/\/www.renfordt-ahnen.de\/wordpress\/wp-json\/wp\/v2\/comments?post=7"}],"version-history":[{"count":3,"href":"http:\/\/www.renfordt-ahnen.de\/wordpress\/wp-json\/wp\/v2\/pages\/7\/revisions"}],"predecessor-version":[{"id":31,"href":"http:\/\/www.renfordt-ahnen.de\/wordpress\/wp-json\/wp\/v2\/pages\/7\/revisions\/31"}],"wp:attachment":[{"href":"http:\/\/www.renfordt-ahnen.de\/wordpress\/wp-json\/wp\/v2\/media?parent=7"}],"curies":[{"name":"wp","href":"https:\/\/api.w.org\/{rel}","templated":true}]}}