{"id":80,"date":"2017-02-20T16:35:40","date_gmt":"2017-02-20T15:35:40","guid":{"rendered":"http:\/\/www.renfordt-ahnen.de\/wordpress\/?page_id=80"},"modified":"2019-02-09T08:43:13","modified_gmt":"2019-02-09T07:43:13","slug":"der-kuenstler-horst-renfordt","status":"publish","type":"page","link":"http:\/\/www.renfordt-ahnen.de\/wordpress\/der-kuenstler-horst-renfordt\/","title":{"rendered":"Der K\u00fcnstler Horst Renfordt"},"content":{"rendered":"<p>Horst Renfordt, geb. am 12.01.1928, gest. 14.05.2017<br \/>\nwar ein regional bekannter Bildhauer und Grafiker aus Wiblingwerde<\/p>\n<p>Ein Zeitungsartikel vom 23.12.2009:<\/p>\n<p><a href=\"https:\/\/i0.wp.com\/www.renfordt-ahnen.de\/wordpress\/wp-content\/uploads\/2017\/02\/Horst-Renfordt-2009-1.jpg\"><img data-recalc-dims=\"1\" loading=\"lazy\" decoding=\"async\" data-attachment-id=\"187\" data-permalink=\"http:\/\/www.renfordt-ahnen.de\/wordpress\/der-kuenstler-horst-renfordt\/horst-renfordt-2009\/\" data-orig-file=\"https:\/\/i0.wp.com\/www.renfordt-ahnen.de\/wordpress\/wp-content\/uploads\/2017\/02\/Horst-Renfordt-2009-1.jpg?fit=150%2C113\" data-orig-size=\"150,113\" data-comments-opened=\"1\" data-image-meta=\"{&quot;aperture&quot;:&quot;0&quot;,&quot;credit&quot;:&quot;&quot;,&quot;camera&quot;:&quot;&quot;,&quot;caption&quot;:&quot;&quot;,&quot;created_timestamp&quot;:&quot;0&quot;,&quot;copyright&quot;:&quot;&quot;,&quot;focal_length&quot;:&quot;0&quot;,&quot;iso&quot;:&quot;0&quot;,&quot;shutter_speed&quot;:&quot;0&quot;,&quot;title&quot;:&quot;&quot;,&quot;orientation&quot;:&quot;0&quot;}\" data-image-title=\"Horst Renfordt 2009\" data-image-description=\"\" data-image-caption=\"\" data-medium-file=\"https:\/\/i0.wp.com\/www.renfordt-ahnen.de\/wordpress\/wp-content\/uploads\/2017\/02\/Horst-Renfordt-2009-1.jpg?fit=150%2C113\" data-large-file=\"https:\/\/i0.wp.com\/www.renfordt-ahnen.de\/wordpress\/wp-content\/uploads\/2017\/02\/Horst-Renfordt-2009-1.jpg?fit=150%2C113\" class=\"alignnone size-full wp-image-187\" src=\"https:\/\/i0.wp.com\/www.renfordt-ahnen.de\/wordpress\/wp-content\/uploads\/2017\/02\/Horst-Renfordt-2009-1.jpg?resize=150%2C113\" alt=\"\" width=\"150\" height=\"113\" \/><\/a><\/p>\n<p><strong>23.12.2009 \u00b7 Von Peter von der Beck<\/strong><\/p>\n<p><span style=\"font-size: 18pt;\"><strong>Renfordts grafische Seite<\/strong><\/span><\/p>\n<p><strong>NACHRODT-WIBLINGWERDE- Er ist ein Mensch, der eher zur\u00fcckgezogen lebt. Horst Renfordt sagt es selbst: &#8222;Ich bevorzuge den Elfenbeinturm&#8220;. Der inzwischen \u00fcber 80-j\u00e4hrige, l\u00e4ngst pensionierte Metallplastiker, lebt in einer alten Doppelhaush\u00e4lfte in Wiblingwerde. Dass hier ein kreativer Mensch wohnt, l\u00e4sst sich an den Objekten, erkennen, die seinen Garten zieren. Es sind Dokumente einer technisierten Welt.<\/strong><\/p>\n<p>Metallplastiker, das ist der in einschl\u00e4gigen Kreisen benutzte Titel f\u00fcr den Mann, und seine Plastiken genie\u00dfen einen guten Ruf. Dass Horst Renfordt aber auch ein umfassendes Werk an Druck-Grafiken erarbeitet hat, ist weniger bekannt. Renfordt: &#8222;Das grafische Werk habe ich immer unter Verschluss gehalten&#8220;.<\/p>\n<p>Sein kleines Atelier in der Dachkammer seines H\u00e4uschens ist gut f\u00fcr das Drucken von Grafiken pr\u00e4pariert: Hier finden sich eine alte, mechanische Handdruckmaschine, aber auch vielerlei Werkzeug aus einer Zeit, als Grafiker per Hand arbeiteten und PC und Software gar nicht existierten. Gleichwohl gibt es Drucke von ihm aus den 80er Jahren, die fast prophetisch die Digitalisierung der Menschheit vorwegnehmen. &#8222;Zeichen und Zahl&#8220; ist diese kleine Bilderserie benannt. &#8222;Heutzutage lebt der Mensch eben zwischen Zeichen und Zahl&#8220;, sagt Renfordt und verweist auf die &#8222;von Hand abgezogen&#8220; Grafiken.<\/p>\n<p>Die Ideen zu seinen Werken ereilten und ereilen Renfordt auf Zugfahrten, bei Reisen mit dem Auto, oder es passiert, dass er irgendwo eine Szenerie sieht, im Kopf beh\u00e4lt und dann k\u00fcnstlerisch umsetzt. &#8222;Ich arbeite konstruktiv&#8220;. Wenn ihn also ein Motiv nicht losl\u00e4sst, geht er wie ein Konstrukteur vor: So erging es ihm mit einem Kind, das er in einer Situation gesehen hatte. Er fertigte zun\u00e4chst eine Skizze an, pauste sie dann mit Hilfe von Transparentpapier auf Linoleum um, schnitzte entsprechend und fertigte dann einen Druck mit Hilfe der Japanischen Reibe an. &#8222;Kind mit Zahnb\u00fcrste&#8220; nannte er dann das stark reduzierte Werk. Es gehe eben um &#8222;das Wesentliche&#8220;, das er immer herausarbeiten wolle, erl\u00e4utert Renfordt. Die teils roboterhaft anmutenden Plastiken, welche viele von ihm kennen, finden sich als Motiv auch in den Grafiken wieder. Doch es gibt auch Arbeiten \u00fcber Menschen: Ein kaum verfremdetes Portrait von Bertold Brecht ist zum Beispiel dabei. Auch Tiere hat er k\u00fcnstlerisch verarbeitet. Viel &#8222;Gebrauchsgrafik&#8220; gibt es von Horst Renfordt. Die von ihm gestalteten Plakate sind schon Kunstwerke an sich<\/p>\n<p>Renfordts Werkstatt ist eine Fundgrube: Alle Sorten von Papier stapeln sich, immer wieder finden sich Plakate und Drucke: Seine &#8222;Blaue Serie&#8220; oder jenes Werk namens &#8222;Stadtschreiber&#8220;.<\/p>\n<p>Horst Renfordt ist noch nicht m\u00fcde &#8211; er arbeitet weiter an seinem Werk.<\/p>\n<p>***********************************************************************<\/p>\n<p>Anl\u00e4sslich seines 85. Geburtstages erschien folgender Artikel in &#8222;Der Westen&#8220;:<\/p>\n<p><span style=\"font-size: 18pt;\">85. GEBURTSTAG<br \/>\n<strong>Die Kunst packt Horst Renfordt immer noch<\/strong> <\/span><br \/>\n12.01.2013 von Ina Hornemann<\/p>\n<address>Das grafische Werk von Horst Renfordt ist weniger bekannt, als die Metallplastiken des Wiblingwerder K\u00fcnstlers.<br \/>\n<span style=\"font-size: 10pt;\">Foto: Repro: Ina Hornemann<\/span><\/address>\n<figure id=\"attachment_186\" aria-describedby=\"caption-attachment-186\" style=\"width: 156px\" class=\"wp-caption alignnone\"><a href=\"https:\/\/i0.wp.com\/www.renfordt-ahnen.de\/wordpress\/wp-content\/uploads\/2017\/02\/Horst-Renfordt-1.jpg\"><img data-recalc-dims=\"1\" loading=\"lazy\" decoding=\"async\" data-attachment-id=\"186\" data-permalink=\"http:\/\/www.renfordt-ahnen.de\/wordpress\/der-kuenstler-horst-renfordt\/horst-renfordt\/\" data-orig-file=\"https:\/\/i0.wp.com\/www.renfordt-ahnen.de\/wordpress\/wp-content\/uploads\/2017\/02\/Horst-Renfordt-1.jpg?fit=156%2C116\" data-orig-size=\"156,116\" data-comments-opened=\"1\" data-image-meta=\"{&quot;aperture&quot;:&quot;0&quot;,&quot;credit&quot;:&quot;&quot;,&quot;camera&quot;:&quot;&quot;,&quot;caption&quot;:&quot;&quot;,&quot;created_timestamp&quot;:&quot;0&quot;,&quot;copyright&quot;:&quot;&quot;,&quot;focal_length&quot;:&quot;0&quot;,&quot;iso&quot;:&quot;0&quot;,&quot;shutter_speed&quot;:&quot;0&quot;,&quot;title&quot;:&quot;&quot;,&quot;orientation&quot;:&quot;0&quot;}\" data-image-title=\"Horst Renfordt\" data-image-description=\"\" data-image-caption=\"\" data-medium-file=\"https:\/\/i0.wp.com\/www.renfordt-ahnen.de\/wordpress\/wp-content\/uploads\/2017\/02\/Horst-Renfordt-1.jpg?fit=156%2C116\" data-large-file=\"https:\/\/i0.wp.com\/www.renfordt-ahnen.de\/wordpress\/wp-content\/uploads\/2017\/02\/Horst-Renfordt-1.jpg?fit=156%2C116\" class=\"wp-image-186 size-full\" src=\"https:\/\/i0.wp.com\/www.renfordt-ahnen.de\/wordpress\/wp-content\/uploads\/2017\/02\/Horst-Renfordt-1.jpg?resize=156%2C116\" width=\"156\" height=\"116\" \/><\/a><figcaption id=\"caption-attachment-186\" class=\"wp-caption-text\">Horst Renfordt 2013<\/figcaption><\/figure>\n<p>Wiblingwerde. Die Kunst packt ihn noch immer. Manchmal abends w\u00e4hrend der Tagesschau, wenn dort ein Thema gezeigt wird, das ihn bewegt. Dann nimmt er einen Bleistift zur Hand und fertigt eine Skizze, die sp\u00e4ter auf pr\u00e4pariertem Karton zu einer gro\u00dfformatigen Grafik wird. \u201eMetallplastiken kann ich nicht mehr so gut heben, das machen die Knie nicht mehr mit\u201c, erkl\u00e4rt der Wiblingwerder K\u00fcnstler Horst Renfordt, der am Samstag 85 Jahre alt wird. Was in den Knien fehlt, gleicht der aufmerksame Geist des K\u00fcnstlers doppelt aus. Dorfleben, Weltgeschehen und die heimische und \u00fcberregionale Kunstszene verfolgt Horst Renfordt mit gro\u00dfem Interesse. Die Menschen sehen mehr von ihm, als sie h\u00f6ren. In zahlreichen \u00f6ffentlichen Geb\u00e4uden im M\u00e4rkischen Kreis sind Werke von ihm zu sehen. Der K\u00fcnstler selbst ist still und bescheiden. Nie hat er mit Gef\u00e4lligkeitsanspr\u00fcchen gearbeitet, was aber nicht hei\u00dft, dass man mit Horst Renfordt nicht diskutieren kann. Er setzte sich als Mitbegr\u00fcnder der L\u00fcdenscheider Galerie \u201eRahmen\u201c mit Herzblut daf\u00fcr ein, dass dort nicht nur heimische K\u00fcnstler, sondern eine \u00fcberregionale Szene ein Forum findet. Gelegentlich bricht er auf. \u201eIch muss alle paar Jahre mal gucken, was im M\u00e4rkischen Kreis noch so los ist\u201c, erkl\u00e4rt er. Mancher Weggef\u00e4hrte, zuletzt der Altenaer Holzk\u00fcnstler Werner Panke, ist bereits verstorben.<br \/>\nMit 85 macht sich auch Horst Renfordt so langsam Gedanken um das \u00c4lterwerden. \u201eWas mir in Nordrhein-Westfalen fehlt, ist eine Stelle f\u00fcr die Nachlassverwaltung von K\u00fcnstlern. In anderen Bundesl\u00e4ndern gibt es das und wir m\u00fcssten das auch dringend einrichten.\u201c Zu katalogisieren gibt es einiges aus dem Hause Renfordt. Allein die Metallplastiken im Garten ziehen viele Blicke auf sich. Gefertigt hat er sie in umliegenden Schmieden. Durch seine Ausbildung in der Metallbearbeitung war ihm auch der Umgang mit harten, im Rohzustand kaum biegsamen Materialien gut vertraut. Renfordt versteht sich auf klare Linien und Formen und bedient sich gern der Reduktion auf das Wesentliche und Notwendige. Das gilt auch f\u00fcr sein grafisches Werk, aus dem besonders seine \u201eBlaue Schaffensphase\u201c heraussticht. Das Zeichnen erlernte er einst in Siegen w\u00e4hrend seiner mehrj\u00e4hrigen Ausbildung an der Malfachschule. Interesse an Burgaufzug Gelebt hat er nie von der Kunst. \u201eDas schaffen die wenigsten\u201c, hat er erfahren, \u201edenn als K\u00fcnstler werden einem oft viele Steine in den Weg gelegt bei der Verwirklichung von Projekten.\u201c Seine Rente bezieht er heute von der Bertelsmann-Gruppe. Allerdings: Horst Renfordt hat wahre Sch\u00e4tze produziert: Monotypien, die durch Plattendruck nur ein einziges Mal entstanden, und Linolschnitt-Produktionen, die K\u00e4ufer in Dortmund fanden. Ein H\u00f6hepunkt seiner Karriere war eine Beteiligung an der Ausstellung \u201eKrieg und Frieden\u201c, die parallel zur documenta in Kassel im Jahre 1982 lief. In bester Erinnerung geblieben ist Horst Renfordt sein Engagement bei der Aktion \u201eAufkreuzen in Telgte\u201c 2008. Was den K\u00fcnstler noch umtreibt ist das Altenaer Gro\u00dfprojekt Burgaufzug. Zum neuen Tor zur Burg w\u00fcrde er gern eine Metallplastik beitragen. Die Innenstadt der Nachbarkommune war schlie\u00dflich lange Zeit ein wachsender Kunstpool, in den Horst Renfordt immer wieder gern eingetaucht ist. \u201eDas ist ein Ort, an dem ich noch was hinterlassen m\u00f6chte.\u201c<span style=\"font-size: 10pt;\"><br \/>\nIna Hornemann <\/span><\/p>\n<p>**********************************************************************<\/p>\n<p>Ein Zeitungsartikel vom 04.04.2016:<\/p>\n<p><span style=\"font-size: 18pt;\"><strong>Sp\u00e4tes Wiedersehen mit der Kunst f\u00fcr Horst Renfordt<\/strong><\/span><\/p>\n<p><b>NACHRODT-WIBLINGWERDE &#8211; In den vergangen Jahren ist es still geworden um Horst Renfordt, den Wiblingwerder Metallplastiker, der sich Landes- und Bundesweit an namhaften Ausstellungen beteiligt hat. K\u00fcrzlich gab es wieder einen \u00f6ffentlichen Kontakt mit der heimischen Kunstszene bei der Ausstellungser\u00f6ffnung der Kreativgruppe \u201eAltes Pfarrhaus\u201c.<\/b><\/p>\n<figure id=\"attachment_188\" aria-describedby=\"caption-attachment-188\" style=\"width: 646px\" class=\"wp-caption alignnone\"><a href=\"https:\/\/i0.wp.com\/www.renfordt-ahnen.de\/wordpress\/wp-content\/uploads\/2017\/02\/Horst-Renfordt-2016-1.jpg\" target=\"_blank\" rel=\"noopener\"><img data-recalc-dims=\"1\" loading=\"lazy\" decoding=\"async\" data-attachment-id=\"188\" data-permalink=\"http:\/\/www.renfordt-ahnen.de\/wordpress\/der-kuenstler-horst-renfordt\/horst-renfordt-2016\/\" data-orig-file=\"https:\/\/i0.wp.com\/www.renfordt-ahnen.de\/wordpress\/wp-content\/uploads\/2017\/02\/Horst-Renfordt-2016-1.jpg?fit=646%2C365\" data-orig-size=\"646,365\" data-comments-opened=\"1\" data-image-meta=\"{&quot;aperture&quot;:&quot;0&quot;,&quot;credit&quot;:&quot;&quot;,&quot;camera&quot;:&quot;&quot;,&quot;caption&quot;:&quot;&quot;,&quot;created_timestamp&quot;:&quot;0&quot;,&quot;copyright&quot;:&quot;&quot;,&quot;focal_length&quot;:&quot;0&quot;,&quot;iso&quot;:&quot;0&quot;,&quot;shutter_speed&quot;:&quot;0&quot;,&quot;title&quot;:&quot;&quot;,&quot;orientation&quot;:&quot;0&quot;}\" data-image-title=\"Horst Renfordt 2016\" data-image-description=\"\" data-image-caption=\"\" data-medium-file=\"https:\/\/i0.wp.com\/www.renfordt-ahnen.de\/wordpress\/wp-content\/uploads\/2017\/02\/Horst-Renfordt-2016-1.jpg?fit=300%2C170\" data-large-file=\"https:\/\/i0.wp.com\/www.renfordt-ahnen.de\/wordpress\/wp-content\/uploads\/2017\/02\/Horst-Renfordt-2016-1.jpg?fit=525%2C297\" class=\"wp-image-188 size-full\" src=\"https:\/\/i0.wp.com\/www.renfordt-ahnen.de\/wordpress\/wp-content\/uploads\/2017\/02\/Horst-Renfordt-2016-1.jpg?resize=525%2C297\" width=\"525\" height=\"297\" srcset=\"https:\/\/i0.wp.com\/www.renfordt-ahnen.de\/wordpress\/wp-content\/uploads\/2017\/02\/Horst-Renfordt-2016-1.jpg?w=646 646w, https:\/\/i0.wp.com\/www.renfordt-ahnen.de\/wordpress\/wp-content\/uploads\/2017\/02\/Horst-Renfordt-2016-1.jpg?resize=300%2C170 300w\" sizes=\"auto, (max-width: 525px) 100vw, 525px\" \/><\/a><figcaption id=\"caption-attachment-188\" class=\"wp-caption-text\">Horst Renfordt 2016<\/figcaption><\/figure>\n<p><strong>\u00a0<\/strong>\u201eIch bin in Altena gelandet\u201c, erkl\u00e4rt Horst Renfordt denen, die ihn vermissen. Bis vor zwei Jahren war er noch k\u00fcnstlerisch t\u00e4tig in seinem Haus, das f\u00fcr die Metallplastiken im Garten bekannt war. Der Ruhestand in vertrauter Umgebung w\u00e4hrte ein Jahr. Ein Treppensturz, Krankenhaus &#8211; Kurzzeitpflege im Ellen-Scheuner-Haus. \u201eBleiben Sie bei uns!\u201c haben sie mir angeboten. \u201eDas habe ich dann auch gemacht.\u201c<\/p>\n<p>Jetzt hat der 89-J\u00e4hrige sogar wieder mit Kunst zu tun. Mit Uschi Panke, der Witwe seines fr\u00fcheren K\u00fcnstlerkollegen Werner Panke, trat eine Frau an ihn heran, die ihn gern im Team der Kreativgruppe \u201eAltes Pfarrhaus\u201c haben wollte. \u201eDa bin ich nun beratend und begleitend t\u00e4tig\u201c, erkl\u00e4rt Horst Renfordt. \u201eDas macht Spa\u00df, auch wenn ich selbst nicht mehr zum Zeichenstift greife.\u201c Bis zum Eintritt in den selbstgew\u00e4hlten Ruhestand war Horst Renfordt noch nahezu t\u00e4glich aktiv und widmete sich vorwiegend seinem grafischen Werk. Menschen, Technik, Industrie \u2013 das waren immer Themen, die ihn als Konstruktivisten umtrieben. Die Dinge zu formen, zu zerlegen, neu zu definieren und zu interpretieren ist seine Leidenschaft. \u201eHeute noch, obwohl ich nicht mehr kreativ bin.\u201c<\/p>\n<p>Horst Renfordt blickt heute auf viele Ecken und Kanten, wenn er aus seinem Fenster im Scheuner-Haus blickt. Die Giebel der stadtbildpr\u00e4genden Geb\u00e4ude wie des Kreishauses, der Lutherkirche oder des Berufskollegs empfindet er als Wohltat f\u00fcr seine K\u00fcnstlerseele. \u201eDie ist mir geblieben\u201c, erkl\u00e4rt er fast schmunzelnd, wohl wissend um sein Image als Eigenbr\u00f6tler, der im Leben nur wenige Au\u00dfeneinfl\u00fcsse zugelassen hat. Und die Kunst? \u201eDie ist heute in Berlin bei meinem Bruder Ernst\u201c, erkl\u00e4rt Horst Renfordt. Zu ihm steht er im regen Kontakt und ist froh, einen H\u00fcter f\u00fcr sein Lebenswerk gefunden zu haben.<\/p>\n<p>Fotografien davon hat Horst Renfordt in seine neue Heimat mitgenommen. Die Kunstszene h\u00e4lt er durch t\u00e4gliche Zeitungslekt\u00fcre noch immer im Blick. Mit gro\u00dfem Bedauern hat er die Schlie\u00dfung der Stadtgalerie wahrgenommen, insbesondere f\u00fcr bildende Kunst fehlt Raum. Einer aus der neuen Nachbarschaft hat es seiner Ansicht nach richtig gemacht: \u201eAntek.<br \/>\nDer belebt die Innenstadt. Das finde ich gut!\u201c<\/p>\n<p>***********************************************************************<\/p>\n<p><a href=\"https:\/\/i0.wp.com\/www.renfordt-ahnen.de\/wordpress\/wp-content\/uploads\/2018\/01\/Todesanzeige-Horst-Renfordt.jpg\" target=\"_blank\" rel=\"noopener\"><img data-recalc-dims=\"1\" loading=\"lazy\" decoding=\"async\" data-attachment-id=\"220\" data-permalink=\"http:\/\/www.renfordt-ahnen.de\/wordpress\/der-kuenstler-horst-renfordt\/todesanzeige-horst-renfordt\/\" data-orig-file=\"https:\/\/i0.wp.com\/www.renfordt-ahnen.de\/wordpress\/wp-content\/uploads\/2018\/01\/Todesanzeige-Horst-Renfordt.jpg?fit=814%2C707\" data-orig-size=\"814,707\" data-comments-opened=\"1\" data-image-meta=\"{&quot;aperture&quot;:&quot;0&quot;,&quot;credit&quot;:&quot;JRenfordt&quot;,&quot;camera&quot;:&quot;&quot;,&quot;caption&quot;:&quot;&quot;,&quot;created_timestamp&quot;:&quot;1516382161&quot;,&quot;copyright&quot;:&quot;&quot;,&quot;focal_length&quot;:&quot;0&quot;,&quot;iso&quot;:&quot;0&quot;,&quot;shutter_speed&quot;:&quot;0&quot;,&quot;title&quot;:&quot;&quot;,&quot;orientation&quot;:&quot;0&quot;}\" data-image-title=\"Todesanzeige Horst Renfordt\" data-image-description=\"\" data-image-caption=\"\" data-medium-file=\"https:\/\/i0.wp.com\/www.renfordt-ahnen.de\/wordpress\/wp-content\/uploads\/2018\/01\/Todesanzeige-Horst-Renfordt.jpg?fit=300%2C261\" data-large-file=\"https:\/\/i0.wp.com\/www.renfordt-ahnen.de\/wordpress\/wp-content\/uploads\/2018\/01\/Todesanzeige-Horst-Renfordt.jpg?fit=525%2C456\" class=\"wp-image-220  aligncenter\" src=\"https:\/\/i0.wp.com\/www.renfordt-ahnen.de\/wordpress\/wp-content\/uploads\/2018\/01\/Todesanzeige-Horst-Renfordt.jpg?resize=499%2C434\" alt=\"\" width=\"499\" height=\"434\" srcset=\"https:\/\/i0.wp.com\/www.renfordt-ahnen.de\/wordpress\/wp-content\/uploads\/2018\/01\/Todesanzeige-Horst-Renfordt.jpg?resize=300%2C261 300w, https:\/\/i0.wp.com\/www.renfordt-ahnen.de\/wordpress\/wp-content\/uploads\/2018\/01\/Todesanzeige-Horst-Renfordt.jpg?resize=768%2C667 768w, https:\/\/i0.wp.com\/www.renfordt-ahnen.de\/wordpress\/wp-content\/uploads\/2018\/01\/Todesanzeige-Horst-Renfordt.jpg?w=814 814w\" sizes=\"auto, (max-width: 499px) 100vw, 499px\" \/><\/a><\/p>\n","protected":false},"excerpt":{"rendered":"<p>Horst Renfordt, geb. am 12.01.1928, gest. 14.05.2017 war ein regional bekannter Bildhauer und Grafiker aus Wiblingwerde Ein Zeitungsartikel vom 23.12.2009: 23.12.2009 \u00b7 Von Peter von der Beck Renfordts grafische Seite NACHRODT-WIBLINGWERDE- Er ist ein Mensch, der eher zur\u00fcckgezogen lebt. Horst Renfordt sagt es selbst: &#8222;Ich bevorzuge den Elfenbeinturm&#8220;. Der inzwischen \u00fcber 80-j\u00e4hrige, l\u00e4ngst pensionierte Metallplastiker, &hellip; <\/p>\n<p class=\"link-more\"><a href=\"http:\/\/www.renfordt-ahnen.de\/wordpress\/der-kuenstler-horst-renfordt\/\" class=\"more-link\"><span class=\"screen-reader-text\">\u201eDer K\u00fcnstler Horst Renfordt\u201c<\/span> weiterlesen<\/a><\/p>\n","protected":false},"author":1,"featured_media":0,"parent":0,"menu_order":0,"comment_status":"closed","ping_status":"closed","template":"","meta":{"jetpack_post_was_ever_published":false,"footnotes":""},"class_list":["post-80","page","type-page","status-publish","hentry"],"jetpack_sharing_enabled":true,"jetpack_shortlink":"https:\/\/wp.me\/P8qp12-1i","jetpack-related-posts":[],"_links":{"self":[{"href":"http:\/\/www.renfordt-ahnen.de\/wordpress\/wp-json\/wp\/v2\/pages\/80","targetHints":{"allow":["GET"]}}],"collection":[{"href":"http:\/\/www.renfordt-ahnen.de\/wordpress\/wp-json\/wp\/v2\/pages"}],"about":[{"href":"http:\/\/www.renfordt-ahnen.de\/wordpress\/wp-json\/wp\/v2\/types\/page"}],"author":[{"embeddable":true,"href":"http:\/\/www.renfordt-ahnen.de\/wordpress\/wp-json\/wp\/v2\/users\/1"}],"replies":[{"embeddable":true,"href":"http:\/\/www.renfordt-ahnen.de\/wordpress\/wp-json\/wp\/v2\/comments?post=80"}],"version-history":[{"count":9,"href":"http:\/\/www.renfordt-ahnen.de\/wordpress\/wp-json\/wp\/v2\/pages\/80\/revisions"}],"predecessor-version":[{"id":233,"href":"http:\/\/www.renfordt-ahnen.de\/wordpress\/wp-json\/wp\/v2\/pages\/80\/revisions\/233"}],"wp:attachment":[{"href":"http:\/\/www.renfordt-ahnen.de\/wordpress\/wp-json\/wp\/v2\/media?parent=80"}],"curies":[{"name":"wp","href":"https:\/\/api.w.org\/{rel}","templated":true}]}}